{"id":8,"date":"2023-03-13T18:18:20","date_gmt":"2023-03-13T18:18:20","guid":{"rendered":"https:\/\/www.motelmedieval.com.br\/site\/?page_id=8"},"modified":"2026-03-24T14:47:53","modified_gmt":"2026-03-24T17:47:53","slug":"inicio","status":"publish","type":"page","link":"https:\/\/www.motelmedieval.com.br\/site\/","title":{"rendered":"IN\u00cdCIO"},"content":{"rendered":"<p>&nbsp;<\/p>\n<div style=\"display: none;\">\n<p>motel porto alegre spa porto alegre, medieval em porto alegre, suite, porto alegre RS, suite e motel comida porto alegre<\/p>\n<h1>suite em porto alegre,\u00a0medieval porto alegre, spa porto alegre,<\/h1>\n<h2>suite em porto alegre, motel porto alegre e regi\u00e3o, spa porto alegre em porto alegre, suite venda medieval motel comida porto alegre, motel em porto alegre rs, suite, para porto alegre e regi\u00e3o, suite para porto alegre e regi\u00e3o\u00a0motel comida motel comida porto alegre de suite em porto alegre, motel porto alegre e regi\u00e3o, spa porto alegre em porto alegre, suite venda medieval motel comida porto alegre, motel em porto alegre rs, suite,<a title=\"motel comida motel comida porto alegre de suite em porto alegre, motel porto alegre e regi\u00e3o, spa porto alegre em porto alegre, suite venda medieval motel comida porto alegre, motel em porto alegre rs, suite, para porto alegre e regi\u00e3o, suite para porto alegre e regi\u00e3o\" href=\"https:\/\/www.motelmedieval.com.br\">para porto alegre e regi\u00e3o, suite para porto alegre e regi\u00e3o\u00a0motel comida motel comida porto alegre de suite em porto alegre, motel porto alegre e regi\u00e3o, spa porto alegre em porto alegre, suite venda medieval motel comida porto alegre, motel em porto alegre rs, suite<\/a>, para porto alegre e regi\u00e3o, suite para porto alegre e regi\u00e3o\u00a0motel comida motel comida porto alegre de suite em porto alegre, motel porto alegre e regi\u00e3o, spa porto alegre em porto alegre, suite venda medieval motel comida porto alegre, motel em porto alegre rs, suite, para porto alegre e regi\u00e3o, suite para porto alegre e regi\u00e3o\u00a0motel comida motel comida porto alegre de suite em porto alegre, motel porto alegre e regi\u00e3o, spa porto alegre em porto alegre, suite venda medieval motel comida porto alegre, motel em porto alegre rs, suite, para porto alegre e regi\u00e3o,<a title=\"motel comida motel comida porto alegre de suite em porto alegre, motel porto alegre e regi\u00e3o, spa porto alegre em porto alegre, suite venda medieval motel comida porto alegre, motel em porto alegre rs, suite, para porto alegre e regi\u00e3o, suite para porto alegre e regi\u00e3o\" href=\"https:\/\/www.motelmedieval.com.br\/site\">suite para porto alegre e regi\u00e3o\u00a0motel comida motel comida porto alegre de suite em porto alegre, motel porto alegre e regi\u00e3o, cria\u00e7\u00e3o de sit<\/a>es em porto alegre, suite venda medieval motel comida porto alegre, motel em porto alegre rs, suite, para porto alegre e regi\u00e3o, suite para porto alegre e regi\u00e3o<\/h2>\n<div id=\"attachment_747\" style=\"width: 353px\" class=\"wp-caption aligncenter\"><a href=\"https:\/\/www.motelmedieval.com.br\/site\/wp-content\/uploads\/2013\/06\/per\u00edcia-m\u00e9dica-passo-fundo-rs.jpg\"><img aria-describedby=\"caption-attachment-747\" decoding=\"async\" loading=\"lazy\" class=\"size-full wp-image-747 \" title=\"motel comida motel comida porto alegre de suite em porto alegre\" src=\"https:\/\/www.motelmedieval.com.br\/site\/wp-content\/uploads\/2013\/06\/per\u00edcia-m\u00e9dica-passo-fundo-rs.jpg\" alt=\"motel comida motel comida porto alegre de suite em porto alegre\" width=\"343\" height=\"300\"  loading=\"lazy\" \/><\/a><p id=\"caption-attachment-747\" class=\"wp-caption-text\">motel comida motel comida porto alegre de suite em porto alegre<\/p><\/div>\n<\/div>\n","protected":false},"excerpt":{"rendered":"<p>&nbsp; motel porto alegre spa porto alegre, medieval em porto alegre, suite, porto alegre RS, suite e motel comida porto alegre suite em porto alegre,\u00a0medieval porto alegre, spa porto alegre, suite em porto alegre, motel porto alegre e regi\u00e3o, spa porto alegre em porto alegre, suite venda medieval motel comida porto alegre, motel em porto [&hellip;]<\/p>\n","protected":false},"author":1,"featured_media":0,"parent":0,"menu_order":0,"comment_status":"closed","ping_status":"closed","template":"template-inicio5.php","meta":[],"_links":{"self":[{"href":"https:\/\/www.motelmedieval.com.br\/site\/wp-json\/wp\/v2\/pages\/8"}],"collection":[{"href":"https:\/\/www.motelmedieval.com.br\/site\/wp-json\/wp\/v2\/pages"}],"about":[{"href":"https:\/\/www.motelmedieval.com.br\/site\/wp-json\/wp\/v2\/types\/page"}],"author":[{"embeddable":true,"href":"https:\/\/www.motelmedieval.com.br\/site\/wp-json\/wp\/v2\/users\/1"}],"replies":[{"embeddable":true,"href":"https:\/\/www.motelmedieval.com.br\/site\/wp-json\/wp\/v2\/comments?post=8"}],"version-history":[{"count":7,"href":"https:\/\/www.motelmedieval.com.br\/site\/wp-json\/wp\/v2\/pages\/8\/revisions"}],"predecessor-version":[{"id":57,"href":"https:\/\/www.motelmedieval.com.br\/site\/wp-json\/wp\/v2\/pages\/8\/revisions\/57"}],"wp:attachment":[{"href":"https:\/\/www.motelmedieval.com.br\/site\/wp-json\/wp\/v2\/media?parent=8"}],"curies":[{"name":"wp","href":"https:\/\/api.w.org\/{rel}","templated":true}]}}